{"id":4817,"date":"2021-09-25T14:21:30","date_gmt":"2021-09-25T07:21:30","guid":{"rendered":"https:\/\/chilli-cycling.asia\/datenschutz-bestimmungen\/"},"modified":"2021-09-28T17:00:38","modified_gmt":"2021-09-28T10:00:38","slug":"datenschutz-bestimmungen","status":"publish","type":"page","link":"https:\/\/chilli-cycling.asia\/de\/datenschutz-bestimmungen\/","title":{"rendered":"Datenschutzerkl\u00e4rung"},"content":{"rendered":"<section class=\"l-section wpb_row height_medium\"><div class=\"l-section-h i-cf\"><div class=\"g-cols vc_row via_flex valign_top type_default stacking_default\"><div class=\"vc_col-sm-12 wpb_column vc_column_container\"><div class=\"vc_column-inner\"><div class=\"wpb_wrapper\">[vc_custom_heading text=&#8221;Datenschutz Bestimmung&#8221; font_container=&#8221;tag:h1|text_align:center&#8221; use_theme_fonts=&#8221;yes&#8221; css=&#8221;%7B%22default%22%3A%7B%22text-transform%22%3A%22uppercase%22%7D%7D&#8221;]<div class=\"w-separator size_small with_line width_50 thick_1 style_solid color_secondary align_center with_content\"><div class=\"w-separator-h\"><i class=\"fas fa-bicycle\"><\/i><\/div><\/div><div class=\"wpb_text_column\"><div class=\"wpb_wrapper\"><p><strong>Ihre Daten sind uns wichtig!<\/strong><\/p>\n<p>Beim Zugriff auf unsere Website werden folgende Daten in Logfiles gespeichert: IP-Adresse, Datum, Uhrzeit, Browser-Anfrage und allg. \u00fcbertragene Informationen zum Betriebssystem resp. Browser in Logfiles.<\/p>\n<p><strong>SSL-Verschl\u00fcsselung<\/strong>: hre personenbezogenen Daten, die Sie auf unserer Website in das Anfrageformular eingeben, werden durch modernste Verschl\u00fcsselungstechniken SSL (Secure Socket Layer) gesichert und sch\u00fctzen so Ihre Daten vor dem unberechtigten Zugriff Dritter.<\/p>\n<p><strong>Ihre personenbezogenen Daten<\/strong>: Wir verwenden Ihre personenbezogenen und sonstigen Daten nur zur Beantwortung Ihrer Anfrage oder Ihres Anliegens und geben sie nur an die mit der Bearbeitung Ihrer Anfrage oder Ihres Anliegens beauftragten Mitarbeiter weiter. Insbesondere werden die Daten nicht an Dritte au\u00dferhalb unserer Firma weitergegeben. Wir archivieren so wenig Daten wie m\u00f6glich und bitten Sie, uns nur die Daten zu \u00fcbermitteln, die f\u00fcr die Beantwortung Ihrer Anfrage erforderlich sind. Ihre Daten werden auf Servern in Singapore und Thailand verarbeitet.<\/p>\n<p>F\u00fchrt Ihre Anfrage oder Ihr Anliegen nicht zum Abschluss eines Mandatsvertrages, l\u00f6schen wir Ihre Daten inkl. angeh\u00e4ngter Dateien schnellstm\u00f6glich. Im Falle eines Vertragsschlusses werden wir alle gesetzlichen Vorgaben zum Datenschutz, zum Berufsgeheimnis und gesetzlichen Aufbewahrungspflichten strikt einhalten.<\/p>\n<p><strong>Google Maps<\/strong>: Zur Darstellung unserer B\u00fcroadresse auf Online-Karten verwenden wir Google Maps. Wenn Sie eine Seite mit einer Online-Karte aufrufen, werden bestimmte Daten an Google \u00fcbermittelt, jedoch keine personenbezogenen Daten. Sie k\u00f6nnen die \u00dcbermittlung dieser Daten an Google durch entsprechende Browsererweiterungen unterbinden.<\/p>\n<p><strong>Cookies<\/strong>: Cookies sind kleine Dateien, die es erm\u00f6glichen, auf dem Zugriffspunkt der Nutzer (PC, Smartphone o.\u00e4.) spezifische, auf das Ger\u00e4t bezogene Informationen zu speichern. Sie dienen zum einen der Benutzerfreundlichkeit von Webseiten und damit den Nutzern. Zum anderen dienen sie dazu, statistische Daten der Website zu erheben und zum Zwecke der Verbesserung der Angebote auf der Website auszuwerten. Nutzer k\u00f6nnen die Verwendung von Cookies beeinflussen. Die meisten Browser verf\u00fcgen eine Option mit der das Speichern von Cookies eingeschr\u00e4nkt oder verhindert wird.<\/p>\n<p><strong>Google Analytics<\/strong>: Diese Website benutzt Google Analytics, einen Webanalysedienst der Google Inc. (\u201eGoogle\u201c). Google Analytics verwendet \u201eCookies\u201c. Die durch den Cookie erzeugten Informationen werden in der Regel an einen Server von Google in den USA \u00fcbertragen und dort gespeichert.<\/p>\n<p>Auf dieser Website ist die IP-Anonymisierung aktiviert. Daher wird die IP-Adresse der Nutzer von Google zuvor gek\u00fcrzt\/anonymisiert, bevor sie in die USA \u00fcbertragen wird. Nur in Ausnahmef\u00e4llen wird die volle IP-Adresse an einen Server von Google in den USA \u00fcbertragen und dort gek\u00fcrzt. Im Auftrag des Betreibers dieser Website wird Google diese Informationen benutzen, um die Nutzung der Website durch die Nutzer auszuwerten, um Reports \u00fcber die Websiteaktivit\u00e4ten zusammenzustellen und um weitere mit der Websitenutzung und der Internetnutzung verbundene Dienstleistungen gegen\u00fcber dem Websitebetreiber zu erbringen.<\/p>\n<p>Die im Rahmen von Google Analytics von Ihrem Browser \u00fcbermittelte IP-Adresse wird nicht mit anderen Daten von Google zusammengef\u00fchrt. Nutzer k\u00f6nnen die Speicherung der Cookies durch eine entsprechende Einstellung ihrer Browser-Software verhindern. Allerdings k\u00f6nnen in diesem Fall gegebenenfalls nicht s\u00e4mtliche Funktionen dieser Website vollumf\u00e4nglich genutzt werden. Dar\u00fcber hinaus k\u00f6nnen Nutzer die durch den Cookie erzeugten Daten (einschlie\u00dflich Ihrer IP-Adresse) sowie die Nutzung der Website (einschlie\u00dflich Ihrer IP-Adresse) sowie die Verarbeitung dieser Daten durch Google verhindern, indem sie das Browser-Plugin installieren:  https:\/\/tools.google.com\/dlpage\/gaoptout?hl=de Weitere Informationen zur Nutzung der Daten zu Werbezwecken durch Google: https:\/\/www.google.com\/intl\/de\/policies\/privacy\/partners\/ (\u201eDatennutzung durch Google bei Ihrer Nutzung von Websites oder Apps unserer Partner\u201c ).<\/p>\n<p><strong>Ihre Rechte<\/strong>: Sie k\u00f6nnen von uns jederzeit per E-Mail (<a href=\"mailto:info@chilli-cycling.asia\">info@chilli-cycling.asia<\/a>) Auskunft \u00fcber den Sachverhalt der Datenverarbeitung, \u00fcber die Kategorien der Daten sowie \u00fcber Umfang, Zweck und Rechtm\u00e4\u00dfigkeit der Verarbeitung verlangen und f\u00fcr die vorgesehene Dauer werden die personenbezogenen Daten gespeichert. Sie k\u00f6nnen von uns auch die L\u00f6schung, Einschr\u00e4nkung, Berichtigung oder Vervollst\u00e4ndigung unrichtiger, unn\u00f6tiger, bestrittener, fehlerhafter oder unvollst\u00e4ndiger Daten verlangen. Von der L\u00f6schung ausgenommen sind Daten, zu deren Aufbewahrung wir aufgrund vertraglicher und gesetzlicher Aufbewahrungspflichten verpflichtet sind. Nach Ablauf aller vertraglichen und gesetzlichen Aufbewahrungspflichten werden alle Daten und Dateien vernichtet.<\/p>\n<p>\u00c4nderungen dieser Datenschutzerkl\u00e4rung. Wir behalten uns das Recht vor, diese Datenschutzerkl\u00e4rung zu \u00e4ndern. Die letzte <em>\u00a0\u00c4nderung erfolgte am 8. July 2021.<\/em><\/p>\n<\/div><\/div><\/div><\/div><\/div><\/div><\/div><\/section>\n","protected":false},"excerpt":{"rendered":"[vc_custom_heading text=\"Datenschutz Bestimmung\" font_container=\"tag:h1|text_align:center\" use_theme_fonts=\"yes\" css=\"%7B%22default%22%3A%7B%22text-transform%22%3A%22uppercase%22%7D%7D\"]Ihre Daten sind uns wichtig! Beim Zugriff auf unsere Website werden folgende Daten in Logfiles gespeichert: IP-Adresse, Datum, Uhrzeit, Browser-Anfrage und allg. \u00fcbertragene Informationen zum Betriebssystem resp. Browser in Logfiles. SSL-Verschl\u00fcsselung: hre personenbezogenen Daten, die Sie auf unserer Website in das Anfrageformular eingeben, werden durch modernste Verschl\u00fcsselungstechniken SSL (Secure Socket...","protected":false},"author":1,"featured_media":0,"parent":0,"menu_order":0,"comment_status":"closed","ping_status":"closed","template":"","meta":{"footnotes":""},"class_list":["post-4817","page","type-page","status-publish","hentry"],"yoast_head":"<!-- This site is optimized with the Yoast SEO plugin v27.0 - https:\/\/yoast.com\/product\/yoast-seo-wordpress\/ -->\n<title>Datenschutzerkl\u00e4rung - Chilli Cycling Thailand<\/title>\n<meta name=\"robots\" content=\"index, follow, max-snippet:-1, max-image-preview:large, max-video-preview:-1\" \/>\n<link rel=\"canonical\" href=\"https:\/\/chilli-cycling.asia\/de\/datenschutz-bestimmungen\/\" \/>\n<meta property=\"og:locale\" content=\"de_DE\" \/>\n<meta property=\"og:type\" content=\"article\" \/>\n<meta property=\"og:title\" content=\"Datenschutzerkl\u00e4rung - Chilli Cycling Thailand\" \/>\n<meta property=\"og:url\" content=\"https:\/\/chilli-cycling.asia\/de\/datenschutz-bestimmungen\/\" \/>\n<meta property=\"og:site_name\" content=\"Chilli Cycling Thailand\" \/>\n<meta property=\"article:modified_time\" content=\"2021-09-28T10:00:38+00:00\" \/>\n<meta name=\"twitter:card\" content=\"summary_large_image\" \/>\n<meta name=\"twitter:label1\" content=\"Gesch\u00e4tzte Lesezeit\" \/>\n\t<meta name=\"twitter:data1\" content=\"4\u00a0Minuten\" \/>\n<script type=\"application\/ld+json\" class=\"yoast-schema-graph\">{\"@context\":\"https:\/\/schema.org\",\"@graph\":[{\"@type\":\"WebPage\",\"@id\":\"https:\/\/chilli-cycling.asia\/de\/datenschutz-bestimmungen\/\",\"url\":\"https:\/\/chilli-cycling.asia\/de\/datenschutz-bestimmungen\/\",\"name\":\"Datenschutzerkl\u00e4rung - Chilli Cycling Thailand\",\"isPartOf\":{\"@id\":\"https:\/\/chilli-cycling.asia\/de\/#website\"},\"datePublished\":\"2021-09-25T07:21:30+00:00\",\"dateModified\":\"2021-09-28T10:00:38+00:00\",\"breadcrumb\":{\"@id\":\"https:\/\/chilli-cycling.asia\/de\/datenschutz-bestimmungen\/#breadcrumb\"},\"inLanguage\":\"de\",\"potentialAction\":[{\"@type\":\"ReadAction\",\"target\":[\"https:\/\/chilli-cycling.asia\/de\/datenschutz-bestimmungen\/\"]}]},{\"@type\":\"BreadcrumbList\",\"@id\":\"https:\/\/chilli-cycling.asia\/de\/datenschutz-bestimmungen\/#breadcrumb\",\"itemListElement\":[{\"@type\":\"ListItem\",\"position\":1,\"name\":\"Home\",\"item\":\"https:\/\/chilli-cycling.asia\/de\/\"},{\"@type\":\"ListItem\",\"position\":2,\"name\":\"Datenschutzerkl\u00e4rung\"}]},{\"@type\":\"WebSite\",\"@id\":\"https:\/\/chilli-cycling.asia\/de\/#website\",\"url\":\"https:\/\/chilli-cycling.asia\/de\/\",\"name\":\"Chilli Cycling Thailand\",\"description\":\"Cycling Adventures &amp; Tours Thailand\",\"publisher\":{\"@id\":\"https:\/\/chilli-cycling.asia\/de\/#organization\"},\"potentialAction\":[{\"@type\":\"SearchAction\",\"target\":{\"@type\":\"EntryPoint\",\"urlTemplate\":\"https:\/\/chilli-cycling.asia\/de\/?s={search_term_string}\"},\"query-input\":{\"@type\":\"PropertyValueSpecification\",\"valueRequired\":true,\"valueName\":\"search_term_string\"}}],\"inLanguage\":\"de\"},{\"@type\":\"Organization\",\"@id\":\"https:\/\/chilli-cycling.asia\/de\/#organization\",\"name\":\"Chilli Cycling Thailand Co., Ltd.,\",\"url\":\"https:\/\/chilli-cycling.asia\/de\/\",\"logo\":{\"@type\":\"ImageObject\",\"inLanguage\":\"de\",\"@id\":\"https:\/\/chilli-cycling.asia\/de\/#\/schema\/logo\/image\/\",\"url\":\"https:\/\/chilli-cycling.asia\/wp-content\/uploads\/2020\/10\/chilli-cycling-logo.jpg\",\"contentUrl\":\"https:\/\/chilli-cycling.asia\/wp-content\/uploads\/2020\/10\/chilli-cycling-logo.jpg\",\"width\":449,\"height\":351,\"caption\":\"Chilli Cycling Thailand Co., Ltd.,\"},\"image\":{\"@id\":\"https:\/\/chilli-cycling.asia\/de\/#\/schema\/logo\/image\/\"}}]}<\/script>\n<!-- \/ Yoast SEO plugin. -->","yoast_head_json":{"title":"Datenschutzerkl\u00e4rung - Chilli Cycling Thailand","robots":{"index":"index","follow":"follow","max-snippet":"max-snippet:-1","max-image-preview":"max-image-preview:large","max-video-preview":"max-video-preview:-1"},"canonical":"https:\/\/chilli-cycling.asia\/de\/datenschutz-bestimmungen\/","og_locale":"de_DE","og_type":"article","og_title":"Datenschutzerkl\u00e4rung - Chilli Cycling Thailand","og_url":"https:\/\/chilli-cycling.asia\/de\/datenschutz-bestimmungen\/","og_site_name":"Chilli Cycling Thailand","article_modified_time":"2021-09-28T10:00:38+00:00","twitter_card":"summary_large_image","twitter_misc":{"Gesch\u00e4tzte Lesezeit":"4\u00a0Minuten"},"schema":{"@context":"https:\/\/schema.org","@graph":[{"@type":"WebPage","@id":"https:\/\/chilli-cycling.asia\/de\/datenschutz-bestimmungen\/","url":"https:\/\/chilli-cycling.asia\/de\/datenschutz-bestimmungen\/","name":"Datenschutzerkl\u00e4rung - Chilli Cycling Thailand","isPartOf":{"@id":"https:\/\/chilli-cycling.asia\/de\/#website"},"datePublished":"2021-09-25T07:21:30+00:00","dateModified":"2021-09-28T10:00:38+00:00","breadcrumb":{"@id":"https:\/\/chilli-cycling.asia\/de\/datenschutz-bestimmungen\/#breadcrumb"},"inLanguage":"de","potentialAction":[{"@type":"ReadAction","target":["https:\/\/chilli-cycling.asia\/de\/datenschutz-bestimmungen\/"]}]},{"@type":"BreadcrumbList","@id":"https:\/\/chilli-cycling.asia\/de\/datenschutz-bestimmungen\/#breadcrumb","itemListElement":[{"@type":"ListItem","position":1,"name":"Home","item":"https:\/\/chilli-cycling.asia\/de\/"},{"@type":"ListItem","position":2,"name":"Datenschutzerkl\u00e4rung"}]},{"@type":"WebSite","@id":"https:\/\/chilli-cycling.asia\/de\/#website","url":"https:\/\/chilli-cycling.asia\/de\/","name":"Chilli Cycling Thailand","description":"Cycling Adventures &amp; Tours Thailand","publisher":{"@id":"https:\/\/chilli-cycling.asia\/de\/#organization"},"potentialAction":[{"@type":"SearchAction","target":{"@type":"EntryPoint","urlTemplate":"https:\/\/chilli-cycling.asia\/de\/?s={search_term_string}"},"query-input":{"@type":"PropertyValueSpecification","valueRequired":true,"valueName":"search_term_string"}}],"inLanguage":"de"},{"@type":"Organization","@id":"https:\/\/chilli-cycling.asia\/de\/#organization","name":"Chilli Cycling Thailand Co., Ltd.,","url":"https:\/\/chilli-cycling.asia\/de\/","logo":{"@type":"ImageObject","inLanguage":"de","@id":"https:\/\/chilli-cycling.asia\/de\/#\/schema\/logo\/image\/","url":"https:\/\/chilli-cycling.asia\/wp-content\/uploads\/2020\/10\/chilli-cycling-logo.jpg","contentUrl":"https:\/\/chilli-cycling.asia\/wp-content\/uploads\/2020\/10\/chilli-cycling-logo.jpg","width":449,"height":351,"caption":"Chilli Cycling Thailand Co., Ltd.,"},"image":{"@id":"https:\/\/chilli-cycling.asia\/de\/#\/schema\/logo\/image\/"}}]}},"_links":{"self":[{"href":"https:\/\/chilli-cycling.asia\/de\/wp-json\/wp\/v2\/pages\/4817","targetHints":{"allow":["GET"]}}],"collection":[{"href":"https:\/\/chilli-cycling.asia\/de\/wp-json\/wp\/v2\/pages"}],"about":[{"href":"https:\/\/chilli-cycling.asia\/de\/wp-json\/wp\/v2\/types\/page"}],"author":[{"embeddable":true,"href":"https:\/\/chilli-cycling.asia\/de\/wp-json\/wp\/v2\/users\/1"}],"replies":[{"embeddable":true,"href":"https:\/\/chilli-cycling.asia\/de\/wp-json\/wp\/v2\/comments?post=4817"}],"version-history":[{"count":0,"href":"https:\/\/chilli-cycling.asia\/de\/wp-json\/wp\/v2\/pages\/4817\/revisions"}],"wp:attachment":[{"href":"https:\/\/chilli-cycling.asia\/de\/wp-json\/wp\/v2\/media?parent=4817"}],"curies":[{"name":"wp","href":"https:\/\/api.w.org\/{rel}","templated":true}]}}