{"id":4721,"date":"2021-06-10T11:28:46","date_gmt":"2021-06-10T04:28:46","guid":{"rendered":"https:\/\/chilli-cycling.asia\/cycling\/rennradvermietung\/"},"modified":"2021-09-23T14:22:42","modified_gmt":"2021-09-23T07:22:42","slug":"rennradvermietung","status":"publish","type":"product","link":"https:\/\/chilli-cycling.asia\/de\/cycling\/rennradvermietung\/","title":{"rendered":"Rennradvermietung"},"content":{"rendered":"<p>Leichter, dreifach konifizierter 6066-Aluminiumrahmen mit konischem Steuerrohr f\u00fcr pr\u00e4zises Lenken und Press-Fit 86-Tretlager f\u00fcr effektive Kraft\u00fcbertragung. Mit interner Kabelf\u00fchrung und aeroprofilierten Rohren.<\/p>\n","protected":false},"excerpt":{"rendered":"<p>Leichter, dreifach konifizierter 6066-Aluminiumrahmen mit konischem Steuerrohr f\u00fcr pr\u00e4zises Lenken und Press-Fit 86-Tretlager f\u00fcr effektive Kraft\u00fcbertragung. Mit interner Kabelf\u00fchrung und aeroprofilierten Rohren.<\/p>\n","protected":false},"featured_media":4680,"template":"","meta":[],"product_brand":[],"product_cat":[93],"product_tag":[],"tour-specialty":[],"bike-type":[105],"tour-type":[],"tour-route-profile":[],"duration":[],"class_list":{"0":"post-4721","1":"product","2":"type-product","3":"status-publish","4":"has-post-thumbnail","6":"product_cat-rennradvermietung","7":"bike-type-road-bicycle-de","9":"first","10":"instock","11":"virtual","12":"sold-individually","13":"purchasable","14":"product-type-simple"},"yoast_head":"<!-- This site is optimized with the Yoast SEO plugin v27.0 - https:\/\/yoast.com\/product\/yoast-seo-wordpress\/ -->\n<title>Rennradvermietung - Chilli Cycling Thailand<\/title>\n<meta name=\"description\" content=\"Chilli Cycling Thailand bietet Premium-Rennradmiete an. Merida Scultura 400 Rennr\u00e4der k\u00f6nnen in verschiedenen Rahmengr\u00f6\u00dfen gemietet werden\" \/>\n<meta name=\"robots\" content=\"index, follow, max-snippet:-1, max-image-preview:large, max-video-preview:-1\" \/>\n<link rel=\"canonical\" href=\"https:\/\/chilli-cycling.asia\/de\/cycling\/rennradvermietung\/\" \/>\n<meta property=\"og:locale\" content=\"de_DE\" \/>\n<meta property=\"og:type\" content=\"article\" \/>\n<meta property=\"og:title\" content=\"Rennradvermietung - Chilli Cycling Thailand\" \/>\n<meta property=\"og:description\" content=\"Chilli Cycling Thailand bietet Premium-Rennradmiete an. Merida Scultura 400 Rennr\u00e4der k\u00f6nnen in verschiedenen Rahmengr\u00f6\u00dfen gemietet werden\" \/>\n<meta property=\"og:url\" content=\"https:\/\/chilli-cycling.asia\/de\/cycling\/rennradvermietung\/\" \/>\n<meta property=\"og:site_name\" content=\"Chilli Cycling Thailand\" \/>\n<meta property=\"article:modified_time\" content=\"2021-09-23T07:22:42+00:00\" \/>\n<meta property=\"og:image\" content=\"https:\/\/chilli-cycling.asia\/wp-content\/uploads\/2021\/06\/Merida-Scultura-400-SM.jpg\" \/>\n\t<meta property=\"og:image:width\" content=\"1200\" \/>\n\t<meta property=\"og:image:height\" content=\"900\" \/>\n\t<meta property=\"og:image:type\" content=\"image\/jpeg\" \/>\n<meta name=\"twitter:card\" content=\"summary_large_image\" \/>\n<script type=\"application\/ld+json\" class=\"yoast-schema-graph\">{\"@context\":\"https:\/\/schema.org\",\"@graph\":[{\"@type\":\"WebPage\",\"@id\":\"https:\/\/chilli-cycling.asia\/de\/cycling\/rennradvermietung\/\",\"url\":\"https:\/\/chilli-cycling.asia\/de\/cycling\/rennradvermietung\/\",\"name\":\"Rennradvermietung - Chilli Cycling Thailand\",\"isPartOf\":{\"@id\":\"https:\/\/chilli-cycling.asia\/de\/#website\"},\"primaryImageOfPage\":{\"@id\":\"https:\/\/chilli-cycling.asia\/de\/cycling\/rennradvermietung\/#primaryimage\"},\"image\":{\"@id\":\"https:\/\/chilli-cycling.asia\/de\/cycling\/rennradvermietung\/#primaryimage\"},\"thumbnailUrl\":\"https:\/\/chilli-cycling.asia\/wp-content\/uploads\/2021\/06\/Merida-Scultura-400-SM.jpg\",\"datePublished\":\"2021-06-10T04:28:46+00:00\",\"dateModified\":\"2021-09-23T07:22:42+00:00\",\"description\":\"Chilli Cycling Thailand bietet Premium-Rennradmiete an. Merida Scultura 400 Rennr\u00e4der k\u00f6nnen in verschiedenen Rahmengr\u00f6\u00dfen gemietet werden\",\"breadcrumb\":{\"@id\":\"https:\/\/chilli-cycling.asia\/de\/cycling\/rennradvermietung\/#breadcrumb\"},\"inLanguage\":\"de\",\"potentialAction\":[{\"@type\":\"ReadAction\",\"target\":[\"https:\/\/chilli-cycling.asia\/de\/cycling\/rennradvermietung\/\"]}]},{\"@type\":\"ImageObject\",\"inLanguage\":\"de\",\"@id\":\"https:\/\/chilli-cycling.asia\/de\/cycling\/rennradvermietung\/#primaryimage\",\"url\":\"https:\/\/chilli-cycling.asia\/wp-content\/uploads\/2021\/06\/Merida-Scultura-400-SM.jpg\",\"contentUrl\":\"https:\/\/chilli-cycling.asia\/wp-content\/uploads\/2021\/06\/Merida-Scultura-400-SM.jpg\",\"width\":1200,\"height\":900,\"caption\":\"Rennrad, Merida Scultura 400\"},{\"@type\":\"BreadcrumbList\",\"@id\":\"https:\/\/chilli-cycling.asia\/de\/cycling\/rennradvermietung\/#breadcrumb\",\"itemListElement\":[{\"@type\":\"ListItem\",\"position\":1,\"name\":\"Home\",\"item\":\"https:\/\/chilli-cycling.asia\/de\/\"},{\"@type\":\"ListItem\",\"position\":2,\"name\":\"Shop\",\"item\":\"https:\/\/chilli-cycling.asia\/de\/shop-2\/\"},{\"@type\":\"ListItem\",\"position\":3,\"name\":\"Rennradvermietung\"}]},{\"@type\":\"WebSite\",\"@id\":\"https:\/\/chilli-cycling.asia\/de\/#website\",\"url\":\"https:\/\/chilli-cycling.asia\/de\/\",\"name\":\"Chilli Cycling Thailand\",\"description\":\"Cycling Adventures &amp; Tours Thailand\",\"publisher\":{\"@id\":\"https:\/\/chilli-cycling.asia\/de\/#organization\"},\"potentialAction\":[{\"@type\":\"SearchAction\",\"target\":{\"@type\":\"EntryPoint\",\"urlTemplate\":\"https:\/\/chilli-cycling.asia\/de\/?s={search_term_string}\"},\"query-input\":{\"@type\":\"PropertyValueSpecification\",\"valueRequired\":true,\"valueName\":\"search_term_string\"}}],\"inLanguage\":\"de\"},{\"@type\":\"Organization\",\"@id\":\"https:\/\/chilli-cycling.asia\/de\/#organization\",\"name\":\"Chilli Cycling Thailand Co., Ltd.,\",\"url\":\"https:\/\/chilli-cycling.asia\/de\/\",\"logo\":{\"@type\":\"ImageObject\",\"inLanguage\":\"de\",\"@id\":\"https:\/\/chilli-cycling.asia\/de\/#\/schema\/logo\/image\/\",\"url\":\"https:\/\/chilli-cycling.asia\/wp-content\/uploads\/2020\/10\/chilli-cycling-logo.jpg\",\"contentUrl\":\"https:\/\/chilli-cycling.asia\/wp-content\/uploads\/2020\/10\/chilli-cycling-logo.jpg\",\"width\":449,\"height\":351,\"caption\":\"Chilli Cycling Thailand Co., Ltd.,\"},\"image\":{\"@id\":\"https:\/\/chilli-cycling.asia\/de\/#\/schema\/logo\/image\/\"}}]}<\/script>\n<!-- \/ Yoast SEO plugin. -->","yoast_head_json":{"title":"Rennradvermietung - Chilli Cycling Thailand","description":"Chilli Cycling Thailand bietet Premium-Rennradmiete an. Merida Scultura 400 Rennr\u00e4der k\u00f6nnen in verschiedenen Rahmengr\u00f6\u00dfen gemietet werden","robots":{"index":"index","follow":"follow","max-snippet":"max-snippet:-1","max-image-preview":"max-image-preview:large","max-video-preview":"max-video-preview:-1"},"canonical":"https:\/\/chilli-cycling.asia\/de\/cycling\/rennradvermietung\/","og_locale":"de_DE","og_type":"article","og_title":"Rennradvermietung - Chilli Cycling Thailand","og_description":"Chilli Cycling Thailand bietet Premium-Rennradmiete an. Merida Scultura 400 Rennr\u00e4der k\u00f6nnen in verschiedenen Rahmengr\u00f6\u00dfen gemietet werden","og_url":"https:\/\/chilli-cycling.asia\/de\/cycling\/rennradvermietung\/","og_site_name":"Chilli Cycling Thailand","article_modified_time":"2021-09-23T07:22:42+00:00","og_image":[{"width":1200,"height":900,"url":"https:\/\/chilli-cycling.asia\/wp-content\/uploads\/2021\/06\/Merida-Scultura-400-SM.jpg","type":"image\/jpeg"}],"twitter_card":"summary_large_image","schema":{"@context":"https:\/\/schema.org","@graph":[{"@type":"WebPage","@id":"https:\/\/chilli-cycling.asia\/de\/cycling\/rennradvermietung\/","url":"https:\/\/chilli-cycling.asia\/de\/cycling\/rennradvermietung\/","name":"Rennradvermietung - Chilli Cycling Thailand","isPartOf":{"@id":"https:\/\/chilli-cycling.asia\/de\/#website"},"primaryImageOfPage":{"@id":"https:\/\/chilli-cycling.asia\/de\/cycling\/rennradvermietung\/#primaryimage"},"image":{"@id":"https:\/\/chilli-cycling.asia\/de\/cycling\/rennradvermietung\/#primaryimage"},"thumbnailUrl":"https:\/\/chilli-cycling.asia\/wp-content\/uploads\/2021\/06\/Merida-Scultura-400-SM.jpg","datePublished":"2021-06-10T04:28:46+00:00","dateModified":"2021-09-23T07:22:42+00:00","description":"Chilli Cycling Thailand bietet Premium-Rennradmiete an. Merida Scultura 400 Rennr\u00e4der k\u00f6nnen in verschiedenen Rahmengr\u00f6\u00dfen gemietet werden","breadcrumb":{"@id":"https:\/\/chilli-cycling.asia\/de\/cycling\/rennradvermietung\/#breadcrumb"},"inLanguage":"de","potentialAction":[{"@type":"ReadAction","target":["https:\/\/chilli-cycling.asia\/de\/cycling\/rennradvermietung\/"]}]},{"@type":"ImageObject","inLanguage":"de","@id":"https:\/\/chilli-cycling.asia\/de\/cycling\/rennradvermietung\/#primaryimage","url":"https:\/\/chilli-cycling.asia\/wp-content\/uploads\/2021\/06\/Merida-Scultura-400-SM.jpg","contentUrl":"https:\/\/chilli-cycling.asia\/wp-content\/uploads\/2021\/06\/Merida-Scultura-400-SM.jpg","width":1200,"height":900,"caption":"Rennrad, Merida Scultura 400"},{"@type":"BreadcrumbList","@id":"https:\/\/chilli-cycling.asia\/de\/cycling\/rennradvermietung\/#breadcrumb","itemListElement":[{"@type":"ListItem","position":1,"name":"Home","item":"https:\/\/chilli-cycling.asia\/de\/"},{"@type":"ListItem","position":2,"name":"Shop","item":"https:\/\/chilli-cycling.asia\/de\/shop-2\/"},{"@type":"ListItem","position":3,"name":"Rennradvermietung"}]},{"@type":"WebSite","@id":"https:\/\/chilli-cycling.asia\/de\/#website","url":"https:\/\/chilli-cycling.asia\/de\/","name":"Chilli Cycling Thailand","description":"Cycling Adventures &amp; Tours Thailand","publisher":{"@id":"https:\/\/chilli-cycling.asia\/de\/#organization"},"potentialAction":[{"@type":"SearchAction","target":{"@type":"EntryPoint","urlTemplate":"https:\/\/chilli-cycling.asia\/de\/?s={search_term_string}"},"query-input":{"@type":"PropertyValueSpecification","valueRequired":true,"valueName":"search_term_string"}}],"inLanguage":"de"},{"@type":"Organization","@id":"https:\/\/chilli-cycling.asia\/de\/#organization","name":"Chilli Cycling Thailand Co., Ltd.,","url":"https:\/\/chilli-cycling.asia\/de\/","logo":{"@type":"ImageObject","inLanguage":"de","@id":"https:\/\/chilli-cycling.asia\/de\/#\/schema\/logo\/image\/","url":"https:\/\/chilli-cycling.asia\/wp-content\/uploads\/2020\/10\/chilli-cycling-logo.jpg","contentUrl":"https:\/\/chilli-cycling.asia\/wp-content\/uploads\/2020\/10\/chilli-cycling-logo.jpg","width":449,"height":351,"caption":"Chilli Cycling Thailand Co., Ltd.,"},"image":{"@id":"https:\/\/chilli-cycling.asia\/de\/#\/schema\/logo\/image\/"}}]}},"_links":{"self":[{"href":"https:\/\/chilli-cycling.asia\/de\/wp-json\/wp\/v2\/product\/4721","targetHints":{"allow":["GET"]}}],"collection":[{"href":"https:\/\/chilli-cycling.asia\/de\/wp-json\/wp\/v2\/product"}],"about":[{"href":"https:\/\/chilli-cycling.asia\/de\/wp-json\/wp\/v2\/types\/product"}],"wp:featuredmedia":[{"embeddable":true,"href":"https:\/\/chilli-cycling.asia\/de\/wp-json\/wp\/v2\/media\/4680"}],"wp:attachment":[{"href":"https:\/\/chilli-cycling.asia\/de\/wp-json\/wp\/v2\/media?parent=4721"}],"wp:term":[{"taxonomy":"product_brand","embeddable":true,"href":"https:\/\/chilli-cycling.asia\/de\/wp-json\/wp\/v2\/product_brand?post=4721"},{"taxonomy":"product_cat","embeddable":true,"href":"https:\/\/chilli-cycling.asia\/de\/wp-json\/wp\/v2\/product_cat?post=4721"},{"taxonomy":"product_tag","embeddable":true,"href":"https:\/\/chilli-cycling.asia\/de\/wp-json\/wp\/v2\/product_tag?post=4721"},{"taxonomy":"tour-specialty","embeddable":true,"href":"https:\/\/chilli-cycling.asia\/de\/wp-json\/wp\/v2\/tour-specialty?post=4721"},{"taxonomy":"bike-type","embeddable":true,"href":"https:\/\/chilli-cycling.asia\/de\/wp-json\/wp\/v2\/bike-type?post=4721"},{"taxonomy":"tour-type","embeddable":true,"href":"https:\/\/chilli-cycling.asia\/de\/wp-json\/wp\/v2\/tour-type?post=4721"},{"taxonomy":"tour-route-profile","embeddable":true,"href":"https:\/\/chilli-cycling.asia\/de\/wp-json\/wp\/v2\/tour-route-profile?post=4721"},{"taxonomy":"duration","embeddable":true,"href":"https:\/\/chilli-cycling.asia\/de\/wp-json\/wp\/v2\/duration?post=4721"}],"curies":[{"name":"wp","href":"https:\/\/api.w.org\/{rel}","templated":true}]}}