{"id":4723,"date":"2021-06-29T11:31:46","date_gmt":"2021-06-29T04:31:46","guid":{"rendered":"https:\/\/chilli-cycling.asia\/cycling\/phuket-rennrad-tour\/"},"modified":"2021-10-31T14:32:37","modified_gmt":"2021-10-31T07:32:37","slug":"phuket-rennrad-tour","status":"publish","type":"product","link":"https:\/\/chilli-cycling.asia\/de\/cycling\/phuket-rennrad-tour\/","title":{"rendered":"Phuket Rennrad Tour"},"content":{"rendered":"","protected":false},"excerpt":{"rendered":"<p>Wir starten beim BLUE CANYON GOLF COURSE. Auf den meist flachen Nebenstra\u00dfen geniessen wir abwechslungsreiche, tropische Landschaften und die bezaubernde K\u00fcstenabschnitte der Andamanen See.<\/p>\n<p>Entdecke Nationalparks, Gummibaum Plantagen, Palmenhaine und atemberaubende Str\u00e4nde.<\/p>\n","protected":false},"featured_media":4683,"template":"","meta":[],"product_brand":[],"product_cat":[94],"product_tag":[],"tour-specialty":[102,104,103],"bike-type":[],"tour-type":[106],"tour-route-profile":[107],"duration":[110],"class_list":{"0":"post-4723","1":"product","2":"type-product","3":"status-publish","4":"has-post-thumbnail","6":"product_cat-radreisen","7":"tour-specialty-blue-canyon-golf-course-de","8":"tour-specialty-laem-sai-bay-de","9":"tour-specialty-sirinat-national-park-de","10":"tour-type-road-cycling-tours-de","11":"tour-route-profile-mainly-flat-de","12":"duration-full-day-tour-de","14":"first","15":"instock","16":"virtual","17":"sold-individually","18":"purchasable","19":"product-type-simple"},"yoast_head":"<!-- This site is optimized with the Yoast SEO plugin v27.0 - https:\/\/yoast.com\/product\/yoast-seo-wordpress\/ -->\n<title>Phuket Rennrad Tour - Chilli Cycling Thailand<\/title>\n<meta name=\"robots\" content=\"index, follow, max-snippet:-1, max-image-preview:large, max-video-preview:-1\" \/>\n<link rel=\"canonical\" href=\"https:\/\/chilli-cycling.asia\/de\/cycling\/phuket-rennrad-tour\/\" \/>\n<meta property=\"og:locale\" content=\"de_DE\" \/>\n<meta property=\"og:type\" content=\"article\" \/>\n<meta property=\"og:title\" content=\"Phuket Rennrad Tour - Chilli Cycling Thailand\" \/>\n<meta property=\"og:description\" content=\"Wir starten beim BLUE CANYON GOLF COURSE. Auf den meist flachen Nebenstra\u00dfen geniessen wir abwechslungsreiche, tropische Landschaften und die bezaubernde K\u00fcstenabschnitte der Andamanen See.  Entdecke Nationalparks, Gummibaum Plantagen, Palmenhaine und atemberaubende Str\u00e4nde.\" \/>\n<meta property=\"og:url\" content=\"https:\/\/chilli-cycling.asia\/de\/cycling\/phuket-rennrad-tour\/\" \/>\n<meta property=\"og:site_name\" content=\"Chilli Cycling Thailand\" \/>\n<meta property=\"article:modified_time\" content=\"2021-10-31T07:32:37+00:00\" \/>\n<meta property=\"og:image\" content=\"https:\/\/chilli-cycling.asia\/wp-content\/uploads\/2021\/06\/One-the-road-Phuket-Explorer-Cycling-Day-Tour.jpeg\" \/>\n\t<meta property=\"og:image:width\" content=\"1600\" \/>\n\t<meta property=\"og:image:height\" content=\"1200\" \/>\n\t<meta property=\"og:image:type\" content=\"image\/jpeg\" \/>\n<meta name=\"twitter:card\" content=\"summary_large_image\" \/>\n<script type=\"application\/ld+json\" class=\"yoast-schema-graph\">{\"@context\":\"https:\/\/schema.org\",\"@graph\":[{\"@type\":\"WebPage\",\"@id\":\"https:\/\/chilli-cycling.asia\/de\/cycling\/phuket-rennrad-tour\/\",\"url\":\"https:\/\/chilli-cycling.asia\/de\/cycling\/phuket-rennrad-tour\/\",\"name\":\"Phuket Rennrad Tour - Chilli Cycling Thailand\",\"isPartOf\":{\"@id\":\"https:\/\/chilli-cycling.asia\/de\/#website\"},\"primaryImageOfPage\":{\"@id\":\"https:\/\/chilli-cycling.asia\/de\/cycling\/phuket-rennrad-tour\/#primaryimage\"},\"image\":{\"@id\":\"https:\/\/chilli-cycling.asia\/de\/cycling\/phuket-rennrad-tour\/#primaryimage\"},\"thumbnailUrl\":\"https:\/\/chilli-cycling.asia\/wp-content\/uploads\/2021\/06\/One-the-road-Phuket-Explorer-Cycling-Day-Tour.jpeg\",\"datePublished\":\"2021-06-29T04:31:46+00:00\",\"dateModified\":\"2021-10-31T07:32:37+00:00\",\"breadcrumb\":{\"@id\":\"https:\/\/chilli-cycling.asia\/de\/cycling\/phuket-rennrad-tour\/#breadcrumb\"},\"inLanguage\":\"de\",\"potentialAction\":[{\"@type\":\"ReadAction\",\"target\":[\"https:\/\/chilli-cycling.asia\/de\/cycling\/phuket-rennrad-tour\/\"]}]},{\"@type\":\"ImageObject\",\"inLanguage\":\"de\",\"@id\":\"https:\/\/chilli-cycling.asia\/de\/cycling\/phuket-rennrad-tour\/#primaryimage\",\"url\":\"https:\/\/chilli-cycling.asia\/wp-content\/uploads\/2021\/06\/One-the-road-Phuket-Explorer-Cycling-Day-Tour.jpeg\",\"contentUrl\":\"https:\/\/chilli-cycling.asia\/wp-content\/uploads\/2021\/06\/One-the-road-Phuket-Explorer-Cycling-Day-Tour.jpeg\",\"width\":1600,\"height\":1200,\"caption\":\"W\u00e4hrend der Phuket 1 Tages Radtour\"},{\"@type\":\"BreadcrumbList\",\"@id\":\"https:\/\/chilli-cycling.asia\/de\/cycling\/phuket-rennrad-tour\/#breadcrumb\",\"itemListElement\":[{\"@type\":\"ListItem\",\"position\":1,\"name\":\"Home\",\"item\":\"https:\/\/chilli-cycling.asia\/de\/\"},{\"@type\":\"ListItem\",\"position\":2,\"name\":\"Shop\",\"item\":\"https:\/\/chilli-cycling.asia\/de\/shop-2\/\"},{\"@type\":\"ListItem\",\"position\":3,\"name\":\"Phuket Rennrad Tour\"}]},{\"@type\":\"WebSite\",\"@id\":\"https:\/\/chilli-cycling.asia\/de\/#website\",\"url\":\"https:\/\/chilli-cycling.asia\/de\/\",\"name\":\"Chilli Cycling Thailand\",\"description\":\"Cycling Adventures &amp; Tours Thailand\",\"publisher\":{\"@id\":\"https:\/\/chilli-cycling.asia\/de\/#organization\"},\"potentialAction\":[{\"@type\":\"SearchAction\",\"target\":{\"@type\":\"EntryPoint\",\"urlTemplate\":\"https:\/\/chilli-cycling.asia\/de\/?s={search_term_string}\"},\"query-input\":{\"@type\":\"PropertyValueSpecification\",\"valueRequired\":true,\"valueName\":\"search_term_string\"}}],\"inLanguage\":\"de\"},{\"@type\":\"Organization\",\"@id\":\"https:\/\/chilli-cycling.asia\/de\/#organization\",\"name\":\"Chilli Cycling Thailand Co., Ltd.,\",\"url\":\"https:\/\/chilli-cycling.asia\/de\/\",\"logo\":{\"@type\":\"ImageObject\",\"inLanguage\":\"de\",\"@id\":\"https:\/\/chilli-cycling.asia\/de\/#\/schema\/logo\/image\/\",\"url\":\"https:\/\/chilli-cycling.asia\/wp-content\/uploads\/2020\/10\/chilli-cycling-logo.jpg\",\"contentUrl\":\"https:\/\/chilli-cycling.asia\/wp-content\/uploads\/2020\/10\/chilli-cycling-logo.jpg\",\"width\":449,\"height\":351,\"caption\":\"Chilli Cycling Thailand Co., Ltd.,\"},\"image\":{\"@id\":\"https:\/\/chilli-cycling.asia\/de\/#\/schema\/logo\/image\/\"}}]}<\/script>\n<!-- \/ Yoast SEO plugin. -->","yoast_head_json":{"title":"Phuket Rennrad Tour - Chilli Cycling Thailand","robots":{"index":"index","follow":"follow","max-snippet":"max-snippet:-1","max-image-preview":"max-image-preview:large","max-video-preview":"max-video-preview:-1"},"canonical":"https:\/\/chilli-cycling.asia\/de\/cycling\/phuket-rennrad-tour\/","og_locale":"de_DE","og_type":"article","og_title":"Phuket Rennrad Tour - Chilli Cycling Thailand","og_description":"Wir starten beim BLUE CANYON GOLF COURSE. Auf den meist flachen Nebenstra\u00dfen geniessen wir abwechslungsreiche, tropische Landschaften und die bezaubernde K\u00fcstenabschnitte der Andamanen See.  Entdecke Nationalparks, Gummibaum Plantagen, Palmenhaine und atemberaubende Str\u00e4nde.","og_url":"https:\/\/chilli-cycling.asia\/de\/cycling\/phuket-rennrad-tour\/","og_site_name":"Chilli Cycling Thailand","article_modified_time":"2021-10-31T07:32:37+00:00","og_image":[{"width":1600,"height":1200,"url":"https:\/\/chilli-cycling.asia\/wp-content\/uploads\/2021\/06\/One-the-road-Phuket-Explorer-Cycling-Day-Tour.jpeg","type":"image\/jpeg"}],"twitter_card":"summary_large_image","schema":{"@context":"https:\/\/schema.org","@graph":[{"@type":"WebPage","@id":"https:\/\/chilli-cycling.asia\/de\/cycling\/phuket-rennrad-tour\/","url":"https:\/\/chilli-cycling.asia\/de\/cycling\/phuket-rennrad-tour\/","name":"Phuket Rennrad Tour - Chilli Cycling Thailand","isPartOf":{"@id":"https:\/\/chilli-cycling.asia\/de\/#website"},"primaryImageOfPage":{"@id":"https:\/\/chilli-cycling.asia\/de\/cycling\/phuket-rennrad-tour\/#primaryimage"},"image":{"@id":"https:\/\/chilli-cycling.asia\/de\/cycling\/phuket-rennrad-tour\/#primaryimage"},"thumbnailUrl":"https:\/\/chilli-cycling.asia\/wp-content\/uploads\/2021\/06\/One-the-road-Phuket-Explorer-Cycling-Day-Tour.jpeg","datePublished":"2021-06-29T04:31:46+00:00","dateModified":"2021-10-31T07:32:37+00:00","breadcrumb":{"@id":"https:\/\/chilli-cycling.asia\/de\/cycling\/phuket-rennrad-tour\/#breadcrumb"},"inLanguage":"de","potentialAction":[{"@type":"ReadAction","target":["https:\/\/chilli-cycling.asia\/de\/cycling\/phuket-rennrad-tour\/"]}]},{"@type":"ImageObject","inLanguage":"de","@id":"https:\/\/chilli-cycling.asia\/de\/cycling\/phuket-rennrad-tour\/#primaryimage","url":"https:\/\/chilli-cycling.asia\/wp-content\/uploads\/2021\/06\/One-the-road-Phuket-Explorer-Cycling-Day-Tour.jpeg","contentUrl":"https:\/\/chilli-cycling.asia\/wp-content\/uploads\/2021\/06\/One-the-road-Phuket-Explorer-Cycling-Day-Tour.jpeg","width":1600,"height":1200,"caption":"W\u00e4hrend der Phuket 1 Tages Radtour"},{"@type":"BreadcrumbList","@id":"https:\/\/chilli-cycling.asia\/de\/cycling\/phuket-rennrad-tour\/#breadcrumb","itemListElement":[{"@type":"ListItem","position":1,"name":"Home","item":"https:\/\/chilli-cycling.asia\/de\/"},{"@type":"ListItem","position":2,"name":"Shop","item":"https:\/\/chilli-cycling.asia\/de\/shop-2\/"},{"@type":"ListItem","position":3,"name":"Phuket Rennrad Tour"}]},{"@type":"WebSite","@id":"https:\/\/chilli-cycling.asia\/de\/#website","url":"https:\/\/chilli-cycling.asia\/de\/","name":"Chilli Cycling Thailand","description":"Cycling Adventures &amp; Tours Thailand","publisher":{"@id":"https:\/\/chilli-cycling.asia\/de\/#organization"},"potentialAction":[{"@type":"SearchAction","target":{"@type":"EntryPoint","urlTemplate":"https:\/\/chilli-cycling.asia\/de\/?s={search_term_string}"},"query-input":{"@type":"PropertyValueSpecification","valueRequired":true,"valueName":"search_term_string"}}],"inLanguage":"de"},{"@type":"Organization","@id":"https:\/\/chilli-cycling.asia\/de\/#organization","name":"Chilli Cycling Thailand Co., Ltd.,","url":"https:\/\/chilli-cycling.asia\/de\/","logo":{"@type":"ImageObject","inLanguage":"de","@id":"https:\/\/chilli-cycling.asia\/de\/#\/schema\/logo\/image\/","url":"https:\/\/chilli-cycling.asia\/wp-content\/uploads\/2020\/10\/chilli-cycling-logo.jpg","contentUrl":"https:\/\/chilli-cycling.asia\/wp-content\/uploads\/2020\/10\/chilli-cycling-logo.jpg","width":449,"height":351,"caption":"Chilli Cycling Thailand Co., Ltd.,"},"image":{"@id":"https:\/\/chilli-cycling.asia\/de\/#\/schema\/logo\/image\/"}}]}},"_links":{"self":[{"href":"https:\/\/chilli-cycling.asia\/de\/wp-json\/wp\/v2\/product\/4723","targetHints":{"allow":["GET"]}}],"collection":[{"href":"https:\/\/chilli-cycling.asia\/de\/wp-json\/wp\/v2\/product"}],"about":[{"href":"https:\/\/chilli-cycling.asia\/de\/wp-json\/wp\/v2\/types\/product"}],"wp:featuredmedia":[{"embeddable":true,"href":"https:\/\/chilli-cycling.asia\/de\/wp-json\/wp\/v2\/media\/4683"}],"wp:attachment":[{"href":"https:\/\/chilli-cycling.asia\/de\/wp-json\/wp\/v2\/media?parent=4723"}],"wp:term":[{"taxonomy":"product_brand","embeddable":true,"href":"https:\/\/chilli-cycling.asia\/de\/wp-json\/wp\/v2\/product_brand?post=4723"},{"taxonomy":"product_cat","embeddable":true,"href":"https:\/\/chilli-cycling.asia\/de\/wp-json\/wp\/v2\/product_cat?post=4723"},{"taxonomy":"product_tag","embeddable":true,"href":"https:\/\/chilli-cycling.asia\/de\/wp-json\/wp\/v2\/product_tag?post=4723"},{"taxonomy":"tour-specialty","embeddable":true,"href":"https:\/\/chilli-cycling.asia\/de\/wp-json\/wp\/v2\/tour-specialty?post=4723"},{"taxonomy":"bike-type","embeddable":true,"href":"https:\/\/chilli-cycling.asia\/de\/wp-json\/wp\/v2\/bike-type?post=4723"},{"taxonomy":"tour-type","embeddable":true,"href":"https:\/\/chilli-cycling.asia\/de\/wp-json\/wp\/v2\/tour-type?post=4723"},{"taxonomy":"tour-route-profile","embeddable":true,"href":"https:\/\/chilli-cycling.asia\/de\/wp-json\/wp\/v2\/tour-route-profile?post=4723"},{"taxonomy":"duration","embeddable":true,"href":"https:\/\/chilli-cycling.asia\/de\/wp-json\/wp\/v2\/duration?post=4723"}],"curies":[{"name":"wp","href":"https:\/\/api.w.org\/{rel}","templated":true}]}}